{"id":63,"date":"2019-05-29T14:47:46","date_gmt":"2019-05-29T12:47:46","guid":{"rendered":"http:\/\/wordpress-sarnertec-2020.p477358.webspaceconfig.de\/?page_id=63"},"modified":"2019-12-18T18:27:42","modified_gmt":"2019-12-18T17:27:42","slug":"hangsicherung-felssicherung-lawinenschutzverbauung-sprengarbeiten","status":"publish","type":"page","link":"https:\/\/sarnertec.it\/de\/","title":{"rendered":"Felssicherung, Hangsicherung, Steinschlagschutz, Lawinenschutzverbauung, Gel\u00e4ndesanierung, Sprengarbeiten"},"content":{"rendered":"<p>[et_pb_section fb_built=&#8220;1&#8243; fullwidth=&#8220;on&#8220; _builder_version=&#8220;4.0.5&#8243;][et_pb_fullwidth_code admin_label=&#8220;SmartSlider Home de&#8220; _builder_version=&#8220;4.0.5&#8243;][\/et_pb_fullwidth_code][\/et_pb_section][et_pb_section fb_built=&#8220;1&#8243; _builder_version=&#8220;4.0.3&#8243;][et_pb_row _builder_version=&#8220;4.0.2&#8243;][et_pb_column type=&#8220;4_4&#8243; _builder_version=&#8220;3.25&#8243; custom_padding=&#8220;|||&#8220; custom_padding__hover=&#8220;|||&#8220;][et_pb_text admin_label=&#8220;Fels- und Hangsicherung, Lawinenschutzverbauung und Gel\u00e4ndesanierung&#8220; _builder_version=&#8220;4.0.9&#8243;]<\/p>\n<h1>Fels- und Hangsicherung, Steinschlagschutz, Lawinenschutzverbauung und Gel\u00e4ndesanierung<\/h1>\n<p>[\/et_pb_text][et_pb_text admin_label=&#8220;Auf dieser Seite finden Sie \u2026&#8220; _builder_version=&#8220;4.0.9&#8243;]Auf dieser Seite finden Sie alle wesentlichen Informationen \u00fcber unser Unternehmen sowie eine \u00dcbersicht \u00fcber unsere Leistungen als spezialisierter Betrieb f\u00fcr \u201eFels- und Hangsicherung\u201c, \u201eLawinenschutzverbauung\u201c und \u201eGel\u00e4ndesanierung\u201c.[\/et_pb_text][\/et_pb_column][\/et_pb_row][et_pb_row _builder_version=&#8220;4.0.2&#8243;][et_pb_column type=&#8220;4_4&#8243; _builder_version=&#8220;3.25&#8243; custom_padding=&#8220;|||&#8220; custom_padding__hover=&#8220;|||&#8220;][et_pb_text admin_label=&#8220;Unser Unternehmen&#8220; _builder_version=&#8220;4.0.9&#8243;]<\/p>\n<h2>Unser Unternehmen<\/h2>\n<p>[\/et_pb_text][et_pb_text admin_label=&#8220;Die Sarnertec GmbH \u2013 2008 von Roland Stauder \u2026&#8220; _builder_version=&#8220;4.0.9&#8243;]Die Sarnertec GmbH \u2013 2008 von Roland Stauder in Sarnthein gegr\u00fcndet \u2013 ist ein S\u00fcdtiroler Unternehmen f\u00fcr Felssicherungs- und Hangsicherungsarbeiten sowie Lawinenschutzverbauung und Gel\u00e4ndesanierung.<\/p>\n<p>Als besonders spezialisierter Betrieb in diesem Bereich ist Sarnertec in der Lage, Arbeiten in ausgesprochen schwer zug\u00e4nglichem Gel\u00e4nde durchzuf\u00fchren, die ganz spezielle Anforderungen an Personal und Ger\u00e4tschaft stellen und hinsichtlich ihrer Realisierbarkeit zum Teil einzigartig sind.<\/p>\n<p>Die hochspezialisierten Mitarbeiter kommen in den verschiedensten Bereichen des Zivilschutzes zum Einsatz. \u00d6ffentliche Arbeiten geh\u00f6ren ebenso zu ihrem T\u00e4tigkeitsfeld wie private Auftr\u00e4ge.<\/p>\n<p>Auftraggeber des weit \u00fcber die Provinz Bozen hinaus etablierten Unternehmens sind u.a. die Landes\u00e4mter f\u00fcr Zivilschutz, f\u00fcr Stra\u00dfendienst, f\u00fcr Stra\u00dfenbau, f\u00fcr Wildbach- und Lawinenverbauung sowie f\u00fcr Geologie und Baustoffpr\u00fcfung; zu den Kunden von Sarnertec geh\u00f6ren aber auch Gemeinden, Interessentschaften, Genossenschaften, Tief- und Hochbauunternehmen sowie Technikerb\u00fcros und private Auftraggeber.<\/p>\n<p>Qualifizierte und ehrgeizige Mitarbeiter mit langj\u00e4hriger Berufserfahrung sowie modernste Maschinen gew\u00e4hrleisten eine umweltschonende, zeitgerechte und zuverl\u00e4ssige Ausf\u00fchrung der Arbeiten.<\/p>\n<p>2010 erhielt die Firma Sarnertec GmbH die <a href=\"#\">SOA-Zertifizierung<\/a>.[\/et_pb_text][\/et_pb_column][\/et_pb_row][et_pb_row _builder_version=&#8220;4.0.7&#8243;][et_pb_column type=&#8220;4_4&#8243; _builder_version=&#8220;4.0.7&#8243;][et_pb_text admin_label=&#8220;Unsere Leistungen&#8220; _builder_version=&#8220;4.0.7&#8243;]<\/p>\n<h2>Unsere Leistungen<\/h2>\n<p>[\/et_pb_text][et_pb_text admin_label=&#8220;Nachstehend finden Sie einen \u00dcberblick \u2026&#8220; _builder_version=&#8220;4.0.9&#8243;]<\/p>\n<p>Nachstehend finden Sie einen \u00dcberblick \u00fcber unsere Leistungen: \u201eFels- und Hangsicherung\u201c,\u201eLawinenschutzverbauung\u201c und \u201eGel\u00e4ndesanierung\u201c sowie \u201eBaugrubensicherung\u201c, \u201eSpezialarbeiten\u201c und \u201eSprengarbeiten\u201c.<\/p>\n<p>Um n\u00e4here Informationen \u00fcber den Bereich Ihres Interesses zu erhalten und dazugeh\u00f6rige Referenzprojekte zu sehen, klicken Sie bitte auf den entsprechenden Link.<\/p>\n<p>S\u00e4mtliche Arbeiten werden mit unseren betriebseigenen Maschinen ausgef\u00fchrt: <a href=\"https:\/\/sarnertec.it\/maschinenpark-maschinenarbeiten\/\">ZUM MASCHINENPARK<\/a><\/p>\n<p>[\/et_pb_text][et_pb_code admin_label=&#8220;CSS CODE &#8211; COPY AND PASTE INTO CUSTOM CSS THEN DELETE&#8220; _builder_version=&#8220;4.0.7&#8243; locked=&#8220;off&#8220;]<\/p>\n<style><!-- [et_pb_line_break_holder] -->\/* Set height of card. The image is set to cover, so increasing the height won't distort the image.*\/<!-- [et_pb_line_break_holder] -->.flip-card {<!-- [et_pb_line_break_holder] -->  \theight: 300px;<!-- [et_pb_line_break_holder] -->  \tperspective: 1000px;<!-- [et_pb_line_break_holder] -->\t-webkit-perspective: 1000px;<!-- [et_pb_line_break_holder] -->}<!-- [et_pb_line_break_holder] --><!-- [et_pb_line_break_holder] -->\/* This container is needed to position the front and back side *\/<!-- [et_pb_line_break_holder] -->.flip-card-inner {<!-- [et_pb_line_break_holder] -->  \tposition: relative;<!-- [et_pb_line_break_holder] -->  \twidth: 100%;<!-- [et_pb_line_break_holder] -->  \theight: 100%;<!-- [et_pb_line_break_holder] -->  \ttext-align: center;<!-- [et_pb_line_break_holder] -->  \ttransition: transform 0.8s;<!-- [et_pb_line_break_holder] -->\t-webkit-transition: transform 0.8s;<!-- [et_pb_line_break_holder] -->\t-webkit-transition: -webkit-transform 0.8s;<!-- [et_pb_line_break_holder] -->  \ttransform-style: preserve-3d;<!-- [et_pb_line_break_holder] -->\t-webkit-transform-style: preserve-3d;<!-- [et_pb_line_break_holder] -->}<!-- [et_pb_line_break_holder] --><!-- [et_pb_line_break_holder] -->\/* Position the front and back side *\/<!-- [et_pb_line_break_holder] -->.flip-card-front, .flip-card-back {<!-- [et_pb_line_break_holder] -->\tposition: absolute;<!-- [et_pb_line_break_holder] -->  \twidth: 100%;<!-- [et_pb_line_break_holder] -->  \theight: 100%;<!-- [et_pb_line_break_holder] -->  \tbackface-visibility: hidden;<!-- [et_pb_line_break_holder] -->\t-webkit-backface-visibility: hidden;<!-- [et_pb_line_break_holder] -->}<!-- [et_pb_line_break_holder] --><!-- [et_pb_line_break_holder] -->\/* Add background to front incase image doesn't load *\/<!-- [et_pb_line_break_holder] -->.flip-card-front {<!-- [et_pb_line_break_holder] -->\tbackground: #666666;<!-- [et_pb_line_break_holder] -->}<!-- [et_pb_line_break_holder] --><!-- [et_pb_line_break_holder] -->\/* Set the image to cover, so if you increase height it won't skew image. Image height and .flip-card height should be the same. *\/<!-- [et_pb_line_break_holder] -->.flip-card-front img {<!-- [et_pb_line_break_holder] -->\theight: 300px;<!-- [et_pb_line_break_holder] -->\tobject-fit: cover;<!-- [et_pb_line_break_holder] -->}<!-- [et_pb_line_break_holder] --><!-- [et_pb_line_break_holder] -->\/* Style the back side *\/<!-- [et_pb_line_break_holder] -->.flip-card-back {<!-- [et_pb_line_break_holder] -->  \tpadding: 40px;<!-- [et_pb_line_break_holder] -->\tbackground-color: #e9eaee;<!-- [et_pb_line_break_holder] -->\tdisplay: table;<!-- [et_pb_line_break_holder] -->}<!-- [et_pb_line_break_holder] --><!-- [et_pb_line_break_holder] -->\/* Vertically centre align text on back *\/<!-- [et_pb_line_break_holder] -->.flip-card-back-inner {<!-- [et_pb_line_break_holder] -->\tdisplay: table-cell;<!-- [et_pb_line_break_holder] -->\tvertical-align: middle;<!-- [et_pb_line_break_holder] -->\tmax-width: 300px;<!-- [et_pb_line_break_holder] -->}<!-- [et_pb_line_break_holder] --><!-- [et_pb_line_break_holder] -->.flip-card-back h3 {<!-- [et_pb_line_break_holder] -->\tcolor: #7e221f;<!-- [et_pb_line_break_holder] -->\tmargin-bottom: 10px;<!-- [et_pb_line_break_holder] -->}<!-- [et_pb_line_break_holder] --><!-- [et_pb_line_break_holder] -->\/* Color the view project text to look like a link *\/<!-- [et_pb_line_break_holder] -->.link-styling {<!-- [et_pb_line_break_holder] -->\tcolor: #7e221f !important;<!-- [et_pb_line_break_holder] -->}<!-- [et_pb_line_break_holder] --><!-- [et_pb_line_break_holder] -->\/* Reverse back of card so is correct orientation after flip *\/<!-- [et_pb_line_break_holder] -->.flip-card-rotate-left .flip-card-back,<!-- [et_pb_line_break_holder] -->.flip-card-rotate-right .flip-card-back {<!-- [et_pb_line_break_holder] -->\ttransform: rotateY(180deg);<!-- [et_pb_line_break_holder] -->\t-webkit-transform: rotateY(180deg);<!-- [et_pb_line_break_holder] -->}<!-- [et_pb_line_break_holder] --><!-- [et_pb_line_break_holder] -->.flip-card-rotate-up .flip-card-back,<!-- [et_pb_line_break_holder] -->.flip-card-rotate-down .flip-card-back {<!-- [et_pb_line_break_holder] -->\ttransform: rotateX(180deg);<!-- [et_pb_line_break_holder] -->\t-webkit-transform: rotateX(180deg);<!-- [et_pb_line_break_holder] -->}<!-- [et_pb_line_break_holder] --><!-- [et_pb_line_break_holder] -->\/* Flip animation on mouse hover - rotate right *\/<!-- [et_pb_line_break_holder] -->.flip-card-rotate-right .flip-card:hover .flip-card-inner {<!-- [et_pb_line_break_holder] -->  \ttransform: rotateY(180deg);<!-- [et_pb_line_break_holder] -->\t-webkit-transform: rotateY(180deg);<!-- [et_pb_line_break_holder] -->}<!-- [et_pb_line_break_holder] --><!-- [et_pb_line_break_holder] -->\/* Flip animation on mouse hover - rotate left *\/<!-- [et_pb_line_break_holder] -->.flip-card-rotate-left .flip-card:hover .flip-card-inner {<!-- [et_pb_line_break_holder] -->  \ttransform: rotateY(-180deg);<!-- [et_pb_line_break_holder] -->\t-webkit-transform: rotateY(-180deg);<!-- [et_pb_line_break_holder] -->}<!-- [et_pb_line_break_holder] --><!-- [et_pb_line_break_holder] -->\/* Flip animation on mouse hover - rotate up *\/<!-- [et_pb_line_break_holder] -->.flip-card-rotate-up .flip-card:hover .flip-card-inner {<!-- [et_pb_line_break_holder] -->  \ttransform: rotateX(180deg);<!-- [et_pb_line_break_holder] -->\t-webkit-transform: rotateX(180deg);<!-- [et_pb_line_break_holder] -->}<!-- [et_pb_line_break_holder] --><!-- [et_pb_line_break_holder] -->\/* Flip animation on mouse hover - rotate down *\/<!-- [et_pb_line_break_holder] -->.flip-card-rotate-down .flip-card:hover .flip-card-inner {<!-- [et_pb_line_break_holder] -->  \ttransform: rotateX(-180deg);<!-- [et_pb_line_break_holder] -->\t-webkit-transform: rotateX(-180deg);<!-- [et_pb_line_break_holder] -->}<!-- [et_pb_line_break_holder] --><!-- [et_pb_line_break_holder] -->\/* Responsiveness - turns off the flip animation on mobile and layers the text over the image with a background overlay.*\/<!-- [et_pb_line_break_holder] --><!-- [et_pb_line_break_holder] -->@media (max-width: 980px) {<!-- [et_pb_line_break_holder] -->\t.flip-card-rotate-left .flip-card-back,<!-- [et_pb_line_break_holder] -->\t.flip-card-rotate-right .flip-card-back{<!-- [et_pb_line_break_holder] -->\t\ttransform: rotateY(0deg);<!-- [et_pb_line_break_holder] -->\t\t-webkit-transform: rotateY(0deg);<!-- [et_pb_line_break_holder] -->\t\tbackground-color: rgba(13,27,34,0.5);<!-- [et_pb_line_break_holder] -->\t}<!-- [et_pb_line_break_holder] -->\t<!-- [et_pb_line_break_holder] -->\t.flip-card-rotate-up .flip-card-back,<!-- [et_pb_line_break_holder] -->\t.flip-card-rotate-down .flip-card-back {<!-- [et_pb_line_break_holder] -->\t\ttransform: rotateX(0deg);<!-- [et_pb_line_break_holder] -->\t\t-webkit-transform: rotateX(0deg);<!-- [et_pb_line_break_holder] -->\t\tbackground-color: rgba(13,27,34,0.5);<!-- [et_pb_line_break_holder] -->\t}<!-- [et_pb_line_break_holder] -->\t<!-- [et_pb_line_break_holder] -->\t.flip-card-back p {<!-- [et_pb_line_break_holder] -->\t\tcolor: white;<!-- [et_pb_line_break_holder] -->\t}<!-- [et_pb_line_break_holder] -->  <!-- [et_pb_line_break_holder] -->  .flip-card-back h3 {<!-- [et_pb_line_break_holder] -->\tcolor: white;<!-- [et_pb_line_break_holder] -->}<!-- [et_pb_line_break_holder] -->  <!-- [et_pb_line_break_holder] -->  .link-styling {<!-- [et_pb_line_break_holder] -->\tcolor: white !important;<!-- [et_pb_line_break_holder] -->}<!-- [et_pb_line_break_holder] -->\t<!-- [et_pb_line_break_holder] -->\t.flip-card-rotate-left .flip-card:hover .flip-card-inner,<!-- [et_pb_line_break_holder] -->\t.flip-card-rotate-right .flip-card:hover .flip-card-inner{<!-- [et_pb_line_break_holder] -->  \t\ttransform: rotateY(0deg);<!-- [et_pb_line_break_holder] -->\t\t-webkit-transform: rotateY(0deg);<!-- [et_pb_line_break_holder] -->\t}<!-- [et_pb_line_break_holder] --><!-- [et_pb_line_break_holder] -->\t.flip-card-rotate-up .flip-card:hover .flip-card-inner,<!-- [et_pb_line_break_holder] -->\t.flip-card-rotate-down .flip-card:hover .flip-card-inner {<!-- [et_pb_line_break_holder] -->  \t\ttransform: rotateX(0deg);<!-- [et_pb_line_break_holder] -->\t\t-webkit-transform: rotateX(0deg);<!-- [et_pb_line_break_holder] -->\t}<!-- [et_pb_line_break_holder] -->}<!-- [et_pb_line_break_holder] --><\/style>\n<p>[\/et_pb_code][\/et_pb_column][\/et_pb_row][et_pb_row column_structure=&#8220;1_3,1_3,1_3&#8243; use_custom_gutter=&#8220;on&#8220; gutter_width=&#8220;2&#8243; _builder_version=&#8220;4.0.7&#8243; background_size=&#8220;initial&#8220; background_position=&#8220;top_left&#8220; background_repeat=&#8220;repeat&#8220; locked=&#8220;off&#8220;][et_pb_column type=&#8220;1_3&#8243; _builder_version=&#8220;3.25&#8243; custom_padding=&#8220;|||&#8220; custom_padding__hover=&#8220;|||&#8220;][et_pb_text admin_label=&#8220;Fels- und Hangsicherung&#8220; module_class=&#8220;flip-card-rotate-right&#8220; _builder_version=&#8220;4.0.9&#8243; _dynamic_attributes=&#8220;link_option_url&#8220; link_option_url=&#8220;@ET-DC@eyJkeW5hbWljIjp0cnVlLCJjb250ZW50IjoicG9zdF9saW5rX3VybF9wYWdlIiwic2V0dGluZ3MiOnsicG9zdF9pZCI6IjE0MyJ9fQ==@&#8220; hover_enabled=&#8220;0&#8243;]<\/p>\n<div class=\"flip-card\">\n<div class=\"flip-card-inner\">\n<div class=\"flip-card-front\"><img loading=\"lazy\" class=\"wp-image-4128 alignleft size-full\" src=\"https:\/\/sarnertec.it\/wp-content\/uploads\/sarnertec-felssicherung-laimburg-pfatten-20170411-112337-880x600px.jpg\" alt=\"\" width=\"800\" height=\"600\" srcset=\"https:\/\/sarnertec.it\/wp-content\/uploads\/sarnertec-felssicherung-laimburg-pfatten-20170411-112337-880x600px.jpg 800w, https:\/\/sarnertec.it\/wp-content\/uploads\/sarnertec-felssicherung-laimburg-pfatten-20170411-112337-880x600px-480x360.jpg 480w\" sizes=\"(min-width: 0px) and (max-width: 480px) 480px, (min-width: 481px) 800px, 100vw\" \/><\/div>\n<div class=\"flip-card-back\">\n<div class=\"flip-card-back-inner\">\n<h3>Fels- und Hangsicherung<\/h3>\n<p>N\u00e4here Informationen und Referenzprojekte<\/p>\n<p class=\"link-styling\"><a href=\"https:\/\/sarnertec.it\/felssicherung-hangsicherung\/\">HIER \u2192<\/a><\/p>\n<\/div>\n<\/div>\n<\/div>\n<\/div>\n<p>[\/et_pb_text][et_pb_text admin_label=&#8220;Baugrubensicherung&#8220; module_class=&#8220;flip-card-rotate-right&#8220; _builder_version=&#8220;4.0.9&#8243; _dynamic_attributes=&#8220;link_option_url&#8220; link_option_url=&#8220;@ET-DC@eyJkeW5hbWljIjp0cnVlLCJjb250ZW50IjoicG9zdF9saW5rX3VybF9wYWdlIiwic2V0dGluZ3MiOnsicG9zdF9pZCI6IjE1MSJ9fQ==@&#8220;]<\/p>\n<div class=\"flip-card\">\n<div class=\"flip-card-inner\">\n<div class=\"flip-card-front\"><img loading=\"lazy\" class=\"wp-image-4126 alignleft size-full\" src=\"https:\/\/sarnertec.it\/wp-content\/uploads\/sarnertec-baugrubensicherung-02-p4180017-880x600px.jpg\" alt=\"\" width=\"800\" height=\"600\" srcset=\"https:\/\/sarnertec.it\/wp-content\/uploads\/sarnertec-baugrubensicherung-02-p4180017-880x600px.jpg 800w, https:\/\/sarnertec.it\/wp-content\/uploads\/sarnertec-baugrubensicherung-02-p4180017-880x600px-480x360.jpg 480w\" sizes=\"(min-width: 0px) and (max-width: 480px) 480px, (min-width: 481px) 800px, 100vw\" \/><\/div>\n<div class=\"flip-card-back\">\n<div class=\"flip-card-back-inner\">\n<h3>Baugrubensicherung<\/h3>\n<p>N\u00e4here Informationen und Referenzprojekte<\/p>\n<p class=\"link-styling\"><a href=\"https:\/\/sarnertec.it\/baugrubensicherung\/\">HIER \u2192<\/a><\/p>\n<\/div>\n<\/div>\n<\/div>\n<\/div>\n<p>[\/et_pb_text][\/et_pb_column][et_pb_column type=&#8220;1_3&#8243; _builder_version=&#8220;3.25&#8243; custom_padding=&#8220;|||&#8220; custom_padding__hover=&#8220;|||&#8220;][et_pb_text admin_label=&#8220;Lawinenschutzverbauung&#8220; module_class=&#8220;flip-card-rotate-right&#8220; _builder_version=&#8220;4.0.9&#8243; _dynamic_attributes=&#8220;link_option_url&#8220; link_option_url=&#8220;@ET-DC@eyJkeW5hbWljIjp0cnVlLCJjb250ZW50IjoicG9zdF9saW5rX3VybF9wYWdlIiwic2V0dGluZ3MiOnsicG9zdF9pZCI6IjE0NyJ9fQ==@&#8220;]<\/p>\n<div class=\"flip-card\">\n<div class=\"flip-card-inner\">\n<div class=\"flip-card-front\"><img loading=\"lazy\" class=\"wp-image-4132 alignleft size-full\" src=\"https:\/\/sarnertec.it\/wp-content\/uploads\/sarnertec-lawinenschutzverbauung-05-dsc01306-880x600px.jpg\" alt=\"\" width=\"800\" height=\"600\" srcset=\"https:\/\/sarnertec.it\/wp-content\/uploads\/sarnertec-lawinenschutzverbauung-05-dsc01306-880x600px.jpg 800w, https:\/\/sarnertec.it\/wp-content\/uploads\/sarnertec-lawinenschutzverbauung-05-dsc01306-880x600px-480x360.jpg 480w\" sizes=\"(min-width: 0px) and (max-width: 480px) 480px, (min-width: 481px) 800px, 100vw\" \/><\/div>\n<div class=\"flip-card-back\">\n<div class=\"flip-card-back-inner\">\n<h3>Lawinenschutzverbauung<\/h3>\n<p>N\u00e4here Informationen und Referenzprojekte<\/p>\n<p class=\"link-styling\"><a href=\"https:\/\/sarnertec.it\/lawinenschutzverbauung\/\">HIER \u2192<\/a><\/p>\n<\/div>\n<\/div>\n<\/div>\n<\/div>\n<p>[\/et_pb_text][et_pb_text admin_label=&#8220;Spezialarbeiten&#8220; module_class=&#8220;flip-card-rotate-right&#8220; _builder_version=&#8220;4.0.9&#8243; _dynamic_attributes=&#8220;link_option_url&#8220; link_option_url=&#8220;@ET-DC@eyJkeW5hbWljIjp0cnVlLCJjb250ZW50IjoicG9zdF9saW5rX3VybF9wYWdlIiwic2V0dGluZ3MiOnsicG9zdF9pZCI6IjE3MCJ9fQ==@&#8220;]<\/p>\n<div class=\"flip-card\">\n<div class=\"flip-card-inner\">\n<div class=\"flip-card-front\"><img loading=\"lazy\" class=\"wp-image-4136 alignleft size-full\" src=\"https:\/\/sarnertec.it\/wp-content\/uploads\/sarnertec-spezialarbeiten-02-p9200002-880x600px.jpg\" alt=\"\" width=\"800\" height=\"600\" srcset=\"https:\/\/sarnertec.it\/wp-content\/uploads\/sarnertec-spezialarbeiten-02-p9200002-880x600px.jpg 800w, https:\/\/sarnertec.it\/wp-content\/uploads\/sarnertec-spezialarbeiten-02-p9200002-880x600px-480x360.jpg 480w\" sizes=\"(min-width: 0px) and (max-width: 480px) 480px, (min-width: 481px) 800px, 100vw\" \/><\/div>\n<div class=\"flip-card-back\">\n<div class=\"flip-card-back-inner\">\n<h3>Spezialarbeiten<\/h3>\n<p>N\u00e4here Informationen und Referenzprojekte<\/p>\n<p class=\"link-styling\"><a href=\"https:\/\/sarnertec.it\/spezialarbeiten\/\">HIER \u2192<\/a><\/p>\n<\/div>\n<\/div>\n<\/div>\n<\/div>\n<p>[\/et_pb_text][\/et_pb_column][et_pb_column type=&#8220;1_3&#8243; _builder_version=&#8220;3.25&#8243; custom_padding=&#8220;|||&#8220; custom_padding__hover=&#8220;|||&#8220;][et_pb_text admin_label=&#8220;Gel\u00e4ndesanierung&#8220; module_class=&#8220;flip-card-rotate-right&#8220; _builder_version=&#8220;4.0.9&#8243; _dynamic_attributes=&#8220;link_option_url&#8220; link_option_url=&#8220;@ET-DC@eyJkeW5hbWljIjp0cnVlLCJjb250ZW50IjoicG9zdF9saW5rX3VybF9wYWdlIiwic2V0dGluZ3MiOnsicG9zdF9pZCI6IjE1NSJ9fQ==@&#8220;]<\/p>\n<div class=\"flip-card\">\n<div class=\"flip-card-inner\">\n<div class=\"flip-card-front\"><img loading=\"lazy\" class=\"wp-image-4130 alignleft size-full\" src=\"https:\/\/sarnertec.it\/wp-content\/uploads\/sarnertec-gelaendesanierung-05-p7100023-880x600px.jpg\" alt=\"\" width=\"800\" height=\"600\" srcset=\"https:\/\/sarnertec.it\/wp-content\/uploads\/sarnertec-gelaendesanierung-05-p7100023-880x600px.jpg 800w, https:\/\/sarnertec.it\/wp-content\/uploads\/sarnertec-gelaendesanierung-05-p7100023-880x600px-480x360.jpg 480w\" sizes=\"(min-width: 0px) and (max-width: 480px) 480px, (min-width: 481px) 800px, 100vw\" \/><\/div>\n<div class=\"flip-card-back\">\n<div class=\"flip-card-back-inner\">\n<h3>Gel\u00e4ndesanierung<\/h3>\n<p>N\u00e4here Informationen und Referenzprojekte<\/p>\n<p class=\"link-styling\"><a href=\"https:\/\/sarnertec.it\/gelaendesanierung\/\">HIER \u2192<\/a><\/p>\n<\/div>\n<\/div>\n<\/div>\n<\/div>\n<p>[\/et_pb_text][et_pb_text admin_label=&#8220;Sprengarbeiten&#8220; module_class=&#8220;flip-card-rotate-right&#8220; _builder_version=&#8220;4.0.9&#8243; _dynamic_attributes=&#8220;link_option_url&#8220; link_option_url=&#8220;@ET-DC@eyJkeW5hbWljIjp0cnVlLCJjb250ZW50IjoicG9zdF9saW5rX3VybF9wYWdlIiwic2V0dGluZ3MiOnsicG9zdF9pZCI6IjE2MCJ9fQ==@&#8220;]<\/p>\n<div class=\"flip-card\">\n<div class=\"flip-card-inner\">\n<div class=\"flip-card-front\"><img loading=\"lazy\" class=\"wp-image-4138 alignleft size-full\" src=\"https:\/\/sarnertec.it\/wp-content\/uploads\/sarnertec-sprengarbeiten-03-p6190004-880x600px.jpg\" alt=\"\" width=\"800\" height=\"600\" srcset=\"https:\/\/sarnertec.it\/wp-content\/uploads\/sarnertec-sprengarbeiten-03-p6190004-880x600px.jpg 800w, https:\/\/sarnertec.it\/wp-content\/uploads\/sarnertec-sprengarbeiten-03-p6190004-880x600px-480x360.jpg 480w\" sizes=\"(min-width: 0px) and (max-width: 480px) 480px, (min-width: 481px) 800px, 100vw\" \/><\/div>\n<div class=\"flip-card-back\">\n<div class=\"flip-card-back-inner\">\n<h3>Sprengarbeiten<\/h3>\n<p>N\u00e4here Informationen und Referenzprojekte<\/p>\n<p class=\"link-styling\"><a href=\"https:\/\/sarnertec.it\/sprengarbeiten\/\">HIER \u2192<\/a><\/p>\n<\/div>\n<\/div>\n<\/div>\n<\/div>\n<p>[\/et_pb_text][\/et_pb_column][\/et_pb_row][\/et_pb_section]<\/p>\n<input class=\"fooboxshare_post_id\" type=\"hidden\" value=\"63\"\/>","protected":false},"excerpt":{"rendered":"<p>Fels- und Hangsicherung, Steinschlagschutz, Lawinenschutzverbauung und Gel\u00e4ndesanierungAuf dieser Seite finden Sie alle wesentlichen Informationen \u00fcber unser Unternehmen sowie eine \u00dcbersicht \u00fcber unsere Leistungen als spezialisierter Betrieb f\u00fcr \u201eFels- und Hangsicherung\u201c, \u201eLawinenschutzverbauung\u201c und \u201eGel\u00e4ndesanierung\u201c.Unser UnternehmenDie Sarnertec GmbH \u2013 2008 von Roland Stauder in Sarnthein gegr\u00fcndet \u2013 ist ein S\u00fcdtiroler Unternehmen f\u00fcr Felssicherungs- und Hangsicherungsarbeiten sowie [&hellip;]<\/p>\n","protected":false},"author":1,"featured_media":0,"parent":0,"menu_order":0,"comment_status":"closed","ping_status":"closed","template":"","meta":{"_et_pb_use_builder":"on","_et_pb_old_content":"","_et_gb_content_width":""},"_links":{"self":[{"href":"https:\/\/sarnertec.it\/de\/wp-json\/wp\/v2\/pages\/63"}],"collection":[{"href":"https:\/\/sarnertec.it\/de\/wp-json\/wp\/v2\/pages"}],"about":[{"href":"https:\/\/sarnertec.it\/de\/wp-json\/wp\/v2\/types\/page"}],"author":[{"embeddable":true,"href":"https:\/\/sarnertec.it\/de\/wp-json\/wp\/v2\/users\/1"}],"replies":[{"embeddable":true,"href":"https:\/\/sarnertec.it\/de\/wp-json\/wp\/v2\/comments?post=63"}],"version-history":[{"count":174,"href":"https:\/\/sarnertec.it\/de\/wp-json\/wp\/v2\/pages\/63\/revisions"}],"predecessor-version":[{"id":4771,"href":"https:\/\/sarnertec.it\/de\/wp-json\/wp\/v2\/pages\/63\/revisions\/4771"}],"wp:attachment":[{"href":"https:\/\/sarnertec.it\/de\/wp-json\/wp\/v2\/media?parent=63"}],"curies":[{"name":"wp","href":"https:\/\/api.w.org\/{rel}","templated":true}]}}