{"id":179,"date":"2019-06-27T15:01:18","date_gmt":"2019-06-27T13:01:18","guid":{"rendered":"http:\/\/wordpress-sarnertec-2020.p477358.webspaceconfig.de\/?page_id=179"},"modified":"2022-04-06T10:18:40","modified_gmt":"2022-04-06T08:18:40","slug":"kontakt","status":"publish","type":"page","link":"https:\/\/sarnertec.it\/de\/kontakt\/","title":{"rendered":"Kontakt"},"content":{"rendered":"<p>[et_pb_section fb_built=&#8220;1&#8243; fullwidth=&#8220;on&#8220; _builder_version=&#8220;4.15&#8243; global_colors_info=&#8220;{}&#8220;][et_pb_fullwidth_code _builder_version=&#8220;4.15&#8243; global_colors_info=&#8220;{}&#8220;][\/et_pb_fullwidth_code][\/et_pb_section][et_pb_section fb_built=&#8220;1&#8243; _builder_version=&#8220;4.15&#8243; global_colors_info=&#8220;{}&#8220;][et_pb_row _builder_version=&#8220;4.15&#8243; global_colors_info=&#8220;{}&#8220;][et_pb_column type=&#8220;4_4&#8243; _builder_version=&#8220;4.15&#8243; custom_padding=&#8220;|||&#8220; global_colors_info=&#8220;{}&#8220; custom_padding__hover=&#8220;|||&#8220;][et_pb_text admin_label=&#8220;Was d\u00fcrfen wir f\u00fcr Sie tun?&#8220; _builder_version=&#8220;4.15&#8243; header_font=&#8220;Raleway Local||||||||&#8220; global_colors_info=&#8220;{}&#8220;]<\/p>\n<h1>Was d\u00fcrfen wir f\u00fcr Sie tun?<\/h1>\n<h2>Wir freuen uns auf Ihre Nachricht!<\/h2>\n<p>[\/et_pb_text][et_pb_text _builder_version=&#8220;4.15&#8243; header_font=&#8220;Raleway Local||||||||&#8220; global_colors_info=&#8220;{}&#8220;]<\/p>\n<p>Sie m\u00f6chten mehr \u00fcber unsere Dienstleistungen erfahren? Sie ben\u00f6tigen technische Informationen oder ein Angebot? Oder vereinbaren Sie lieber einen Termin f\u00fcr eine pers\u00f6nliche Beratung?<\/p>\n<p>Teilen Sie uns Ihre W\u00fcnsche und Anliegen \u00fcber das nachstehende Kontaktformular mit. Wir werden uns zeitnah mit Ihnen in Verbindung setzen.<\/p>\n<p>[\/et_pb_text][\/et_pb_column][\/et_pb_row][et_pb_row column_structure=&#8220;3_5,2_5&#8243; _builder_version=&#8220;4.15&#8243; global_colors_info=&#8220;{}&#8220;][et_pb_column type=&#8220;3_5&#8243; _builder_version=&#8220;4.15&#8243; custom_padding=&#8220;5%|3%|3%|3%&#8220; border_width_all=&#8220;1px&#8220; border_color_all=&#8220;#4a4a49&#8243; global_colors_info=&#8220;{}&#8220;][et_pb_code _builder_version=&#8220;4.15&#8243; global_colors_info=&#8220;{}&#8220;]\n                <div class='gf_browser_gecko gform_wrapper' id='gform_wrapper_1' style='display:none'><form method='post' enctype='multipart\/form-data'  id='gform_1'  action='\/de\/wp-json\/wp\/v2\/pages\/179'>\n                        <div class='gform_body'><ul id='gform_fields_1' class='gform_fields top_label form_sublabel_below description_below'><li id='field_1_30'  class='gfield gsection field_sublabel_below field_description_below gfield_visibility_visible' ><h2 class='gsection_title'>Ihre pers\u00f6nlichen Daten<\/h2><\/li><li id='field_1_1'  class='gfield gf_list_3col gfield_contains_required field_sublabel_below field_description_below gfield_visibility_visible' ><label class='gfield_label'  >Ich bin<span class='gfield_required'>*<\/span><\/label><div class='ginput_container ginput_container_radio'><ul class='gfield_radio' id='input_1_1'><li class='gchoice_1_1_0'><input name='input_1' type='radio' value='Privatkunde'  id='choice_1_1_0'    \/><label for='choice_1_1_0' id='label_1_1_0'>Privatkunde<\/label><\/li><li class='gchoice_1_1_1'><input name='input_1' type='radio' value='Firma'  id='choice_1_1_1'    \/><label for='choice_1_1_1' id='label_1_1_1'>Firma<\/label><\/li><li class='gchoice_1_1_2'><input name='input_1' type='radio' value='Anderes'  id='choice_1_1_2'    \/><label for='choice_1_1_2' id='label_1_1_2'>Anderes<\/label><\/li><\/ul><\/div><\/li><li id='field_1_11'  class='gfield gsection field_sublabel_below field_description_below gfield_visibility_visible' ><h2 class='gsection_title'><\/h2><\/li><li id='field_1_5'  class='gfield gfield_contains_required field_sublabel_below field_description_below gfield_visibility_visible' ><label class='gfield_label' for='input_1_5' >Firma<span class='gfield_required'>*<\/span><\/label><div class='ginput_container ginput_container_text'><input name='input_5' id='input_1_5' type='text' value='' class='large'    placeholder='Pflichtfeld' aria-required=\"true\" aria-invalid=\"false\" \/><\/div><\/li><li id='field_1_6'  class='gfield field_sublabel_below field_description_below gfield_visibility_visible' ><label class='gfield_label' for='input_1_6' >USt-IdNr.<\/label><div class='ginput_container ginput_container_text'><input name='input_6' id='input_1_6' type='text' value='' class='medium'    placeholder='z.B.: IT02883970218'  aria-invalid=\"false\" \/><\/div><\/li><li id='field_1_12'  class='gfield gsection field_sublabel_below field_description_below gfield_visibility_visible' ><h2 class='gsection_title'><\/h2><\/li><li id='field_1_37'  class='gfield gfield_contains_required field_sublabel_below field_description_below gfield_visibility_visible' ><label class='gfield_label' for='input_1_37' >Name von \u2026<span class='gfield_required'>*<\/span><\/label><div class='ginput_container ginput_container_text'><input name='input_37' id='input_1_37' type='text' value='' class='large'    placeholder='Verein, Verband, Organisation, K\u00f6rperschaft' aria-required=\"true\" aria-invalid=\"false\" \/><\/div><\/li><li id='field_1_36'  class='gfield field_sublabel_below field_description_below gfield_visibility_visible' ><label class='gfield_label' for='input_1_36' >St.-Nr.<\/label><div class='ginput_container ginput_container_text'><input name='input_36' id='input_1_36' type='text' value='' class='medium'      aria-invalid=\"false\" \/><\/div><\/li><li id='field_1_35'  class='gfield gsection field_sublabel_below field_description_below gfield_visibility_visible' ><h2 class='gsection_title'><\/h2><\/li><li id='field_1_2'  class='gfield gfield_contains_required field_sublabel_below field_description_below gfield_visibility_visible' ><label class='gfield_label' for='input_1_2' >Anrede<span class='gfield_required'>*<\/span><\/label><div class='ginput_container ginput_container_select'><select name='input_2' id='input_1_2' class='small gfield_select'   aria-required=\"true\" aria-invalid=\"false\"><option value='' selected='selected' class='gf_placeholder'>Bitte w\u00e4hlen \u2026<\/option><option value='Frau' >Frau<\/option><option value='Herr' >Herr<\/option><\/select><\/div><\/li><li id='field_1_3'  class='gfield gf_left_half gfield_contains_required field_sublabel_below field_description_below gfield_visibility_visible' ><label class='gfield_label' for='input_1_3' >Vorname<span class='gfield_required'>*<\/span><\/label><div class='ginput_container ginput_container_text'><input name='input_3' id='input_1_3' type='text' value='' class='large'    placeholder='Pflichtfeld' aria-required=\"true\" aria-invalid=\"false\" \/><\/div><\/li><li id='field_1_4'  class='gfield gf_right_half gfield_contains_required field_sublabel_below field_description_below gfield_visibility_visible' ><label class='gfield_label' for='input_1_4' >Nachname<span class='gfield_required'>*<\/span><\/label><div class='ginput_container ginput_container_text'><input name='input_4' id='input_1_4' type='text' value='' class='large'    placeholder='Pflichtfeld' aria-required=\"true\" aria-invalid=\"false\" \/><\/div><\/li><li id='field_1_7'  class='gfield gfield_contains_required field_sublabel_below field_description_below gfield_visibility_visible' ><label class='gfield_label' for='input_1_7' >E-Mail<span class='gfield_required'>*<\/span><\/label><div class='ginput_container ginput_container_email'>\n                            <input name='input_7' id='input_1_7' type='text' value='' class='large'   placeholder='Pflichtfeld' aria-required=\"true\" aria-invalid=\"false\" \/>\n                        <\/div><\/li><li id='field_1_8'  class='gfield gf_left_third field_sublabel_below field_description_below gfield_visibility_visible' ><label class='gfield_label' for='input_1_8' >Telefon<\/label><div class='ginput_container ginput_container_phone'><input name='input_8' id='input_1_8' type='text' value='' class='large'  placeholder='z.B.: +39 0123 123456'  aria-invalid=\"false\"  \/><\/div><\/li><li id='field_1_9'  class='gfield gf_middle_third field_sublabel_below field_description_below gfield_visibility_visible' ><label class='gfield_label' for='input_1_9' >Mobiltelefon<\/label><div class='ginput_container ginput_container_phone'><input name='input_9' id='input_1_9' type='text' value='' class='large'  placeholder='z.B.: +39 123 1234567'  aria-invalid=\"false\"  \/><\/div><\/li><li id='field_1_10'  class='gfield gf_right_third field_sublabel_below field_description_below gfield_visibility_visible' ><label class='gfield_label'  >Bitte um R\u00fcckruf<\/label><div class='ginput_container ginput_container_checkbox'><ul class='gfield_checkbox' id='input_1_10'><li class='gchoice_1_10_1'>\n\t\t\t\t\t\t\t\t<input name='input_10.1' type='checkbox'  value='JA'  id='choice_1_10_1'   \/>\n\t\t\t\t\t\t\t\t<label for='choice_1_10_1' id='label_1_10_1'>JA<\/label>\n\t\t\t\t\t\t\t<\/li><\/ul><\/div><\/li><li id='field_1_17'  class='gfield gsection field_sublabel_below field_description_below gfield_visibility_visible' ><h2 class='gsection_title'><\/h2><\/li><li id='field_1_20'  class='gfield gsection field_sublabel_below field_description_below gfield_visibility_visible' ><h2 class='gsection_title'>Ihre Anschrift<\/h2><\/li><li id='field_1_18'  class='gfield gf_left_half gfield_contains_required field_sublabel_below field_description_below gfield_visibility_visible' ><label class='gfield_label' for='input_1_18' >Stra\u00dfe \/ Platz<span class='gfield_required'>*<\/span><\/label><div class='ginput_container ginput_container_text'><input name='input_18' id='input_1_18' type='text' value='' class='large'    placeholder='Pflichtfeld' aria-required=\"true\" aria-invalid=\"false\" \/><\/div><\/li><li id='field_1_21'  class='gfield gf_right_half gfield_contains_required field_sublabel_below field_description_below gfield_visibility_visible' ><label class='gfield_label' for='input_1_21' >Nr.<span class='gfield_required'>*<\/span><\/label><div class='ginput_container ginput_container_text'><input name='input_21' id='input_1_21' type='text' value='' class='small'    placeholder='Pflichtfeld' aria-required=\"true\" aria-invalid=\"false\" \/><\/div><\/li><li id='field_1_26'  class='gfield gf_inline gfield_contains_required field_sublabel_below field_description_below gfield_visibility_visible' ><label class='gfield_label' for='input_1_26' >PLZ<span class='gfield_required'>*<\/span><\/label><div class='ginput_container ginput_container_text'><input name='input_26' id='input_1_26' type='text' value='' class='small'    placeholder='Pflichtfeld' aria-required=\"true\" aria-invalid=\"false\" \/><\/div><\/li><li id='field_1_23'  class='gfield gf_inline gfield_contains_required field_sublabel_below field_description_below gfield_visibility_visible' ><label class='gfield_label' for='input_1_23' >Ort<span class='gfield_required'>*<\/span><\/label><div class='ginput_container ginput_container_text'><input name='input_23' id='input_1_23' type='text' value='' class='large'    placeholder='Pflichtfeld' aria-required=\"true\" aria-invalid=\"false\" \/><\/div><\/li><li id='field_1_33'  class='gfield gf_inline gfield_contains_required field_sublabel_below field_description_below gfield_visibility_visible' ><label class='gfield_label' for='input_1_33' >Provinz \/ Region \/ Bundesstaat<span class='gfield_required'>*<\/span><\/label><div class='ginput_container ginput_container_text'><input name='input_33' id='input_1_33' type='text' value='' class='small'    placeholder='Pflichtfeld' aria-required=\"true\" aria-invalid=\"false\" \/><\/div><\/li><li id='field_1_34'  class='gfield gfield_contains_required field_sublabel_below field_description_below gfield_visibility_visible' ><label class='gfield_label' for='input_1_34' >Land<span class='gfield_required'>*<\/span><\/label><div class='ginput_container ginput_container_text'><input name='input_34' id='input_1_34' type='text' value='' class='medium'    placeholder='Pflichtfeld' aria-required=\"true\" aria-invalid=\"false\" \/><\/div><\/li><li id='field_1_15'  class='gfield gsection field_sublabel_below field_description_below gfield_visibility_visible' ><h2 class='gsection_title'><\/h2><\/li><li id='field_1_27'  class='gfield gsection field_sublabel_below field_description_below gfield_visibility_visible' ><h2 class='gsection_title'>Was d\u00fcrfen wir f\u00fcr Sie tun?<\/h2><\/li><li id='field_1_31'  class='gfield gfield_contains_required field_sublabel_below field_description_below gfield_visibility_visible' ><label class='gfield_label' for='input_1_31' >Grund Ihrer Anfrage<span class='gfield_required'>*<\/span><\/label><div class='ginput_container ginput_container_select'><select name='input_31' id='input_1_31' class='large gfield_select'   aria-required=\"true\" aria-invalid=\"false\"><option value='' selected='selected' class='gf_placeholder'>Bitte w\u00e4hlen Sie<\/option><option value='Verwaltung' >Verwaltung<\/option><option value='Fels- und Hangsicherungsarbeiten' >Fels- und Hangsicherungsarbeiten<\/option><option value='Lawinenschutzverbauung' >Lawinenschutzverbauung<\/option><option value='Baugrubensicherung' >Baugrubensicherung<\/option><option value='Gel\u00e4ndesanierung' >Gel\u00e4ndesanierung<\/option><option value='Spezialarbeiten' >Spezialarbeiten<\/option><option value='Sprengarbeiten' >Sprengarbeiten<\/option><option value='Maschinenpark und Maschinenarbeiten' >Maschinenpark und Maschinenarbeiten<\/option><option value='Anderes' >Anderes<\/option><\/select><\/div><\/li><li id='field_1_28'  class='gfield gfield_contains_required field_sublabel_below field_description_below gfield_visibility_visible' ><label class='gfield_label' for='input_1_28' >Ihre Nachricht<span class='gfield_required'>*<\/span><\/label><div class='ginput_container ginput_container_textarea'><textarea name='input_28' id='input_1_28' class='textarea small'   maxlength='500' placeholder='Geben Sie bitte hier Ihre Nachricht ein (max. 500 Zeichen).' aria-required=\"true\" aria-invalid=\"false\"   rows='10' cols='50'><\/textarea><\/div><\/li><li id='field_1_29'  class='gfield gsection field_sublabel_below field_description_below gfield_visibility_visible' ><h2 class='gsection_title'><\/h2><\/li>\n                            <\/ul><\/div>\n        <div class='gform_footer top_label'> <input type='submit' id='gform_submit_button_1' class='gform_button button' value='Absenden'  onclick='if(window[\"gf_submitting_1\"]){return false;}  window[\"gf_submitting_1\"]=true;  ' onkeypress='if( event.keyCode == 13 ){ if(window[\"gf_submitting_1\"]){return false;} window[\"gf_submitting_1\"]=true;  jQuery(\"#gform_1\").trigger(\"submit\",[true]); }' \/> \n            <input type='hidden' class='gform_hidden' name='is_submit_1' value='1' \/>\n            <input type='hidden' class='gform_hidden' name='gform_submit' value='1' \/>\n            \n            <input type='hidden' class='gform_hidden' name='gform_unique_id' value='' \/>\n            <input type='hidden' class='gform_hidden' name='state_1' value='WyJbXSIsIjYzYWE2MjU5Y2NhMDU5YTAwZWZjYjExNDM2MDA3M2I4Il0=' \/>\n            <input type='hidden' class='gform_hidden' name='gform_target_page_number_1' id='gform_target_page_number_1' value='0' \/>\n            <input type='hidden' class='gform_hidden' name='gform_source_page_number_1' id='gform_source_page_number_1' value='1' \/>\n            <input type='hidden' name='gform_field_values' value='' \/>\n            \n        <\/div>\n                        <\/form>\n                        <\/div><script type='text\/javascript'> jQuery(document).bind('gform_post_render', function(event, formId, currentPage){if(formId == 1) {gf_global[\"number_formats\"][1] = {\"30\":{\"price\":false,\"value\":false},\"1\":{\"price\":false,\"value\":false},\"11\":{\"price\":false,\"value\":false},\"5\":{\"price\":false,\"value\":false},\"6\":{\"price\":false,\"value\":false},\"12\":{\"price\":false,\"value\":false},\"37\":{\"price\":false,\"value\":false},\"36\":{\"price\":false,\"value\":false},\"35\":{\"price\":false,\"value\":false},\"2\":{\"price\":false,\"value\":false},\"3\":{\"price\":false,\"value\":false},\"4\":{\"price\":false,\"value\":false},\"7\":{\"price\":false,\"value\":false},\"8\":{\"price\":false,\"value\":false},\"9\":{\"price\":false,\"value\":false},\"10\":{\"price\":false,\"value\":false},\"17\":{\"price\":false,\"value\":false},\"20\":{\"price\":false,\"value\":false},\"18\":{\"price\":false,\"value\":false},\"21\":{\"price\":false,\"value\":false},\"26\":{\"price\":false,\"value\":false},\"23\":{\"price\":false,\"value\":false},\"33\":{\"price\":false,\"value\":false},\"34\":{\"price\":false,\"value\":false},\"15\":{\"price\":false,\"value\":false},\"27\":{\"price\":false,\"value\":false},\"31\":{\"price\":false,\"value\":false},\"28\":{\"price\":false,\"value\":false},\"29\":{\"price\":false,\"value\":false}};if(window['jQuery']){if(!window['gf_form_conditional_logic'])window['gf_form_conditional_logic'] = new Array();window['gf_form_conditional_logic'][1] = { logic: { 11: {\"field\":{\"actionType\":\"show\",\"logicType\":\"all\",\"rules\":[{\"fieldId\":\"1\",\"operator\":\"is\",\"value\":\"Firma\"}]},\"nextButton\":null,\"section\":{\"actionType\":\"show\",\"logicType\":\"all\",\"rules\":[{\"fieldId\":\"1\",\"operator\":\"is\",\"value\":\"Firma\"}]}},12: {\"field\":{\"actionType\":\"show\",\"logicType\":\"all\",\"rules\":[{\"fieldId\":\"1\",\"operator\":\"is\",\"value\":\"Anderes\"}]},\"nextButton\":null,\"section\":{\"actionType\":\"show\",\"logicType\":\"all\",\"rules\":[{\"fieldId\":\"1\",\"operator\":\"is\",\"value\":\"Anderes\"}]}} }, dependents: { 11: [11,5,6],12: [12,37,36] }, animation: 0, defaults: [], fields: {\"30\":[],\"1\":[11,11,12,12],\"11\":[],\"5\":[],\"6\":[],\"12\":[],\"37\":[],\"36\":[],\"35\":[],\"2\":[],\"3\":[],\"4\":[],\"7\":[],\"8\":[],\"9\":[],\"10\":[],\"17\":[],\"20\":[],\"18\":[],\"21\":[],\"26\":[],\"23\":[],\"33\":[],\"34\":[],\"15\":[],\"27\":[],\"31\":[],\"28\":[],\"29\":[]} }; if(!window['gf_number_format'])window['gf_number_format'] = 'decimal_comma';jQuery(document).ready(function(){gf_apply_rules(1, [11,12], true);jQuery('#gform_wrapper_1').show();jQuery(document).trigger('gform_post_conditional_logic', [1, null, true]);} );} if(!jQuery('#input_1_28+.ginput_counter').length){jQuery('#input_1_28').textareaCount(    {'maxCharacterSize': 500,    'originalStyle': 'ginput_counter',\t 'truncate': true,\t 'errorStyle' : '',    'displayFormat' : '#input von #max Max. Zeichenanzahl'    });jQuery('input_1_28').next('.ginput_counter').attr('aria-live','polite');}if(typeof Placeholders != 'undefined'){\n                        Placeholders.enable();\n                    }} } );jQuery(document).bind('gform_post_conditional_logic', function(event, formId, fields, isInit){} );<\/script><script type='text\/javascript'> jQuery(document).ready(function(){jQuery(document).trigger('gform_post_render', [1, 1]) } ); <\/script>[\/et_pb_code][\/et_pb_column][et_pb_column type=&#8220;2_5&#8243; _builder_version=&#8220;4.15&#8243; custom_padding=&#8220;5%|3%|3%|3%&#8220; border_width_all=&#8220;1px&#8220; border_color_all=&#8220;#4a4a49&#8243; global_colors_info=&#8220;{}&#8220;][et_pb_text _builder_version=&#8220;4.15&#8243; global_colors_info=&#8220;{}&#8220;]<\/p>\n<h3 data-fontsize=\"19\" data-lineheight=\"27\">Kontaktdetails<\/h3>\n<p><strong>SARNERTEC GmbH<br \/><\/strong><\/p>\n<p>[\/et_pb_text][et_pb_text _builder_version=&#8220;4.15&#8243; global_colors_info=&#8220;{}&#8220;]<\/p>\n<h4 data-fontsize=\"19\" data-lineheight=\"27\">Firmensitz<\/h4>\n<p>Gewerbegebiet Dickerwiesen 56<br \/>39058 Sarntal (BZ)<br \/>Italien<\/p>\n<h4 data-fontsize=\"19\" data-lineheight=\"27\">Verwaltungssitz<\/h4>\n<p>Julius-Durst-Stra\u00dfe 66<br \/>39042 Brixen (BZ)<br \/>Italien<\/p>\n<p>Tel. +39 345 5032926<br \/>E-Mail: <a href=\"mailto:info@sarnertec.it?subject=Anfrage \u00fcber Website\">info@sarnertec.it<\/a><br \/>PEC: <a href=\"mailto:sarnertec@profimail.it?subject=Anfrage \u00fcber Website\">sarnertec@profimail.it<\/a><br \/>MwSt.-Nr.: IT02595730215<\/p>\n<p>[\/et_pb_text][et_pb_text _builder_version=&#8220;4.15&#8243; global_colors_info=&#8220;{}&#8220;]<\/p>\n<h4 data-fontsize=\"19\" data-lineheight=\"27\">Anfahrt<\/h4>\n<p>[\/et_pb_text][et_pb_code _builder_version=&#8220;4.15&#8243; global_colors_info=&#8220;{}&#8220;]<iframe loading=\"lazy\" src=\"https:\/\/www.google.com\/maps\/embed?pb=!1m18!1m12!1m3!1d4046.5355974429312!2d11.357527966561534!3d46.644187022047234!2m3!1f0!2f0!3f0!3m2!1i1024!2i768!4f13.1!3m3!1m2!1s0x4782a1515503f17b%3A0xdd2e96e31ac87c11!2sSarnertec+Srl+Di+Stauder+Roland!5e1!3m2!1sde!2sit!4v1561975322033!5m2!1sde!2sit\" width=\"400\" height=\"300\" frameborder=\"0\" style=\"border:0\" allowfullscreen><\/iframe>[\/et_pb_code][\/et_pb_column][\/et_pb_row][\/et_pb_section]<\/p>\n<input class=\"fooboxshare_post_id\" type=\"hidden\" value=\"179\"\/>","protected":false},"excerpt":{"rendered":"<p>Was d\u00fcrfen wir f\u00fcr Sie tun? Wir freuen uns auf Ihre Nachricht!Sie m\u00f6chten mehr \u00fcber unsere Dienstleistungen erfahren? Sie ben\u00f6tigen technische Informationen oder ein Angebot? Oder vereinbaren Sie lieber einen Termin f\u00fcr eine pers\u00f6nliche Beratung? Teilen Sie uns Ihre W\u00fcnsche und Anliegen \u00fcber das nachstehende Kontaktformular mit. Wir werden uns zeitnah mit Ihnen in [&hellip;]<\/p>\n","protected":false},"author":1,"featured_media":0,"parent":0,"menu_order":80,"comment_status":"closed","ping_status":"closed","template":"","meta":{"_et_pb_use_builder":"on","_et_pb_old_content":"","_et_gb_content_width":""},"_links":{"self":[{"href":"https:\/\/sarnertec.it\/de\/wp-json\/wp\/v2\/pages\/179"}],"collection":[{"href":"https:\/\/sarnertec.it\/de\/wp-json\/wp\/v2\/pages"}],"about":[{"href":"https:\/\/sarnertec.it\/de\/wp-json\/wp\/v2\/types\/page"}],"author":[{"embeddable":true,"href":"https:\/\/sarnertec.it\/de\/wp-json\/wp\/v2\/users\/1"}],"replies":[{"embeddable":true,"href":"https:\/\/sarnertec.it\/de\/wp-json\/wp\/v2\/comments?post=179"}],"version-history":[{"count":30,"href":"https:\/\/sarnertec.it\/de\/wp-json\/wp\/v2\/pages\/179\/revisions"}],"predecessor-version":[{"id":5342,"href":"https:\/\/sarnertec.it\/de\/wp-json\/wp\/v2\/pages\/179\/revisions\/5342"}],"wp:attachment":[{"href":"https:\/\/sarnertec.it\/de\/wp-json\/wp\/v2\/media?parent=179"}],"curies":[{"name":"wp","href":"https:\/\/api.w.org\/{rel}","templated":true}]}}