{"id":175,"date":"2019-06-27T14:52:36","date_gmt":"2019-06-27T12:52:36","guid":{"rendered":"http:\/\/wordpress-sarnertec-2020.p477358.webspaceconfig.de\/?page_id=175"},"modified":"2019-12-17T20:22:02","modified_gmt":"2019-12-17T19:22:02","slug":"maschinenpark-maschinenarbeiten","status":"publish","type":"page","link":"https:\/\/sarnertec.it\/de\/maschinenpark-maschinenarbeiten\/","title":{"rendered":"Maschinenpark und Maschinenarbeiten"},"content":{"rendered":"<p>[et_pb_section fb_built=&#8220;1&#8243; fullwidth=&#8220;on&#8220; _builder_version=&#8220;3.23.3&#8243;][et_pb_fullwidth_code admin_label=&#8220;SmartSlider Maschinenpark und Maschinenarbeiten&#8220; _builder_version=&#8220;4.0.9&#8243;][\/et_pb_fullwidth_code][\/et_pb_section][et_pb_section fb_built=&#8220;1&#8243; _builder_version=&#8220;3.23.3&#8243;][et_pb_row _builder_version=&#8220;3.25&#8243;][et_pb_column type=&#8220;4_4&#8243; _builder_version=&#8220;3.25&#8243; custom_padding=&#8220;|||&#8220; custom_padding__hover=&#8220;|||&#8220;][et_pb_text admin_label=&#8220;Maschinenpark und Maschinenarbeiten&#8220; _builder_version=&#8220;4.0.9&#8243; header_font=&#8220;Raleway Local||||||||&#8220;]<\/p>\n<h1>Maschinenpark und Maschinenarbeiten<\/h1>\n<p>[\/et_pb_text][et_pb_text admin_label=&#8220;S\u00e4mtliche Arbeiten werden\u2026&#8220; _builder_version=&#8220;4.0.9&#8243; header_font=&#8220;Raleway Local||||||||&#8220;]S\u00e4mtliche Arbeiten werden mit unseren betriebseigenen Maschinen ausgef\u00fchrt.<\/p>\n<p>Nachstehend finden Sie eine Auswahl unserer Fahrzeuge, Maschinen und Ger\u00e4te sowie entsprechendes Bildmaterial.[\/et_pb_text][\/et_pb_column][\/et_pb_row][et_pb_row column_structure=&#8220;3_5,2_5&#8243; _builder_version=&#8220;4.0.9&#8243;][et_pb_column type=&#8220;3_5&#8243; _builder_version=&#8220;4.0.9&#8243;][et_pb_text admin_label=&#8220;Maschinenpark&#8220; _builder_version=&#8220;4.0.9&#8243; header_2_font=&#8220;Roboto-Regular-Local||||on||||&#8220; header_2_font_size=&#8220;24px&#8220; header_2_font_size_tablet=&#8220;&#8220; header_2_font_size_phone=&#8220;&#8220; header_2_font_size_last_edited=&#8220;on|tablet&#8220;]<\/p>\n<h2><strong>Maschinenpark<\/strong><\/h2>\n<p>[\/et_pb_text][et_pb_accordion open_toggle_text_color=&#8220;#7e221f&#8220; admin_label=&#8220;Akkordeon Maschinenpark&#8220; _builder_version=&#8220;4.0.9&#8243; toggle_text_color=&#8220;#7e221f&#8220; toggle_level=&#8220;h3&#8243; toggle_font_size=&#8220;20px&#8220; closed_toggle_font=&#8220;||||||||&#8220; closed_toggle_font_size=&#8220;18px&#8220; toggle_font_size_tablet=&#8220;18px&#8220; toggle_font_size_phone=&#8220;&#8220; toggle_font_size_last_edited=&#8220;on|desktop&#8220; closed_toggle_font_size_tablet=&#8220;16px&#8220; closed_toggle_font_size_phone=&#8220;&#8220; closed_toggle_font_size_last_edited=&#8220;on|phone&#8220;][et_pb_accordion_item title=&#8220;Lastkraftwagen \u2013 Lieferwagen \u2013 Krane&#8220; open=&#8220;on&#8220; _builder_version=&#8220;4.0.9&#8243; toggle_level=&#8220;h3&#8243;]<\/p>\n<ul>\n<li>1 x Lastkraftwagen IVECO Magirus 260S\/E4 mit Kran Ferrari F736A5<\/li>\n<li>3 x Lieferwagen Ford Transit<\/li>\n<li>1 x Lieferwagen Ford Ranger<\/li>\n<li>2 x Lieferwagen Mitsubishi-Pickup L200<\/li>\n<li>1 x Lieferwagen IVECO 3,5 t mit Kran<\/li>\n<\/ul>\n<p>[\/et_pb_accordion_item][et_pb_accordion_item title=&#8220;Schaufellader \u2013 Kleinbagger&#8220; _builder_version=&#8220;4.0.9&#8243; open=&#8220;off&#8220;]<\/p>\n<ul>\n<li>1 x Schaufellader Palazzani PL75E<\/li>\n<li>1 x Schaufellader Case 40XT<\/li>\n<li>1 x Kleinbagger Immer Int. \u2013 Isuzu<\/li>\n<li>1 x Kleinbagger Volvo<\/li>\n<li>1 x Gabelstapler Linde AG<\/li>\n<\/ul>\n<p>[\/et_pb_accordion_item][et_pb_accordion_item title=&#8220;Bohrlafetten \u2013 Bohrmaschinen \u2013 Bohrschlitten&#8220; _builder_version=&#8220;4.0.9&#8243; open=&#8220;off&#8220;]<\/p>\n<ul>\n<li>1 x Bohrlafette Marini \u2013 MCDP<\/li>\n<li>1 x Bohrmaschine auf Lafette\/Kran MA 90 SRW-1426<\/li>\n<li>3 x Bohrschlitten luftgetrieben Marini MCDP 1600<\/li>\n<li>1 x Bohrschlitten hydraulisch getrieben Marini MCDP<\/li>\n<\/ul>\n<p>[\/et_pb_accordion_item][et_pb_accordion_item title=&#8220;Weiteres Zubeh\u00f6r f\u00fcr Kraftfahrzeuge&#8220; _builder_version=&#8220;4.0.9&#8243; open=&#8220;off&#8220;]<\/p>\n<ul>\n<li>1 x Betonmischschaufel f\u00fcr Bagger<\/li>\n<\/ul>\n<p>[\/et_pb_accordion_item][et_pb_accordion_item title=&#8220;Kompressoren&#8220; _builder_version=&#8220;4.0.9&#8243; open=&#8220;off&#8220;]<\/p>\n<ul>\n<li>1 x Kompressor M50 Kaeser<\/li>\n<li>1 x Kompressor M30 Kaeser<\/li>\n<li>1 x Kompressor M31 Kaeser<\/li>\n<li>1 x Kompressor M121 Kaeser<\/li>\n<li>1 x Kompressor M 64 Kaeser<\/li>\n<\/ul>\n<p>[\/et_pb_accordion_item][et_pb_accordion_item title=&#8220;Brechh\u00e4mmer&#8220; _builder_version=&#8220;4.0.9&#8243; open=&#8220;off&#8220;]<\/p>\n<ul>\n<li>1 x Brechhammer Boehler B190<\/li>\n<li>1 x Brechhammer ERZ1339514<\/li>\n<li>1 x Brechhammer ERZ1339584<\/li>\n<li>1 x Brechhammer ERZ1339496<\/li>\n<li>1 x Brechhammer ERZN13395#1<\/li>\n<li>1 x Brechhammer BBG 105 LWA<\/li>\n<\/ul>\n<p>[\/et_pb_accordion_item][et_pb_accordion_item title=&#8220;Bohrmaschinen&#8220; _builder_version=&#8220;4.0.9&#8243; open=&#8220;off&#8220;]<\/p>\n<ul>\n<li>1 x Bohrmaschine Marini MA 100<\/li>\n<li>1 x Bohrmaschine Marini MA 90 SR-W 1475<\/li>\n<li>4 x Bohrmaschine Atlas Copco BBD12DS<\/li>\n<li>9 x Bohrmaschine Atlas Copco RH571-5LS<\/li>\n<li>1 x Bohrmaschine Toyo<\/li>\n<li>1 x Bohrmaschine Toku PK140LS<\/li>\n<\/ul>\n<p>[\/et_pb_accordion_item][et_pb_accordion_item title=&#8220;Motorseilwinden \u2013 Seilwinden \u2013 Kettenz\u00fcge&#8220; _builder_version=&#8220;4.0.9&#8243; open=&#8220;off&#8220;]<\/p>\n<ul>\n<li>2 x Motorseilwinde Multi-VIK1000 \u2013 Zugkraft 2 t<\/li>\n<li>6 x Kettenzug Bravo<\/li>\n<li>1 x Kettenzug Soletra<\/li>\n<\/ul>\n<p>[\/et_pb_accordion_item][et_pb_accordion_item title=&#8220;Motors\u00e4gen&#8220; _builder_version=&#8220;4.0.9&#8243; open=&#8220;off&#8220;]<\/p>\n<ul>\n<li>2 x Motors\u00e4ge Jonsered<\/li>\n<li>6 x Motors\u00e4ge Stihl<\/li>\n<li>3 x Motors\u00e4ge Stihl \u2013 klein<\/li>\n<li>4 x Motors\u00e4ge Stihl TS420<\/li>\n<li>1 x Motors\u00e4ge Stihl MS 201TC<\/li>\n<\/ul>\n<p>[\/et_pb_accordion_item][et_pb_accordion_item title=&#8220;Stromaggregate&#8220; _builder_version=&#8220;4.0.9&#8243; open=&#8220;off&#8220;]<\/p>\n<ul>\n<li>1 x Benzinaggregat Honda<\/li>\n<li>1 x Dieselaggregat Yanmar<\/li>\n<\/ul>\n<p>[\/et_pb_accordion_item][et_pb_accordion_item title=&#8220;Injektionspumpen&#8220; _builder_version=&#8220;4.0.9&#8243; open=&#8220;off&#8220;]<\/p>\n<ul>\n<li>3 x Injektionspumpe Bunker<\/li>\n<li>2 x Injektionspumpe Bunker B1<\/li>\n<\/ul>\n<p>[\/et_pb_accordion_item][et_pb_accordion_item title=&#8220;Grundomat&#8220; _builder_version=&#8220;4.0.9&#8243; open=&#8220;off&#8220;]<\/p>\n<ul>\n<li>3 x Grundomat 45 P-130 P<\/li>\n<\/ul>\n<p>[\/et_pb_accordion_item][et_pb_accordion_item title=&#8220;Akku-Bohrschrauber \u2013 Winkelschleifer \u2013 Ladeger\u00e4te&#8220; _builder_version=&#8220;4.0.9&#8243; open=&#8220;off&#8220;]<\/p>\n<ul>\n<li>3 x Akku-Bohrschrauber Makita<\/li>\n<li>1 x Akku-Bohrschrauber Hitachi<\/li>\n<li>1 x Akku-Bohrschrauber Milwaukee<\/li>\n<li>1 x Winkelschleifer Makita<\/li>\n<li>1 x Schnelladeger\u00e4t Makita<\/li>\n<\/ul>\n<p>[\/et_pb_accordion_item][\/et_pb_accordion][\/et_pb_column][et_pb_column type=&#8220;2_5&#8243; _builder_version=&#8220;4.0.9&#8243; background_color=&#8220;#e9eaee&#8220; custom_padding=&#8220;1em|1em|1em|1em|true|true&#8220; custom_padding_tablet=&#8220;&#8220; custom_padding_phone=&#8220;&#8220; custom_padding_last_edited=&#8220;on|desktop&#8220;][et_pb_text admin_label=&#8220;Portfolio \u201eMaschinenarbeiten\u201c&#8220; _builder_version=&#8220;4.0.9&#8243; header_2_font=&#8220;Roboto-Regular-Local||||on||||&#8220; header_2_font_size=&#8220;24px&#8220; hover_enabled=&#8220;0&#8243; content_last_edited=&#8220;on|desktop&#8220; disabled_on=&#8220;on|on|on&#8220; disabled=&#8220;on&#8220;]<\/p>\n<h2><strong>Maschinenarbeiten<\/strong><\/h2>\n<p>[\/et_pb_text][et_pb_portfolio fullwidth=&#8220;off&#8220; include_categories=&#8220;32&#8243; admin_label=&#8220;Portfolio \u201eMaschinenarbeiten\u201c&#8220; _builder_version=&#8220;4.0.9&#8243; hover_enabled=&#8220;0&#8243; disabled_on=&#8220;on|on|on&#8220; disabled=&#8220;on&#8220;][\/et_pb_portfolio][\/et_pb_column][\/et_pb_row][\/et_pb_section]<\/p>\n<input class=\"fooboxshare_post_id\" type=\"hidden\" value=\"175\"\/>","protected":false},"excerpt":{"rendered":"<p>Maschinenpark und MaschinenarbeitenS\u00e4mtliche Arbeiten werden mit unseren betriebseigenen Maschinen ausgef\u00fchrt. Nachstehend finden Sie eine Auswahl unserer Fahrzeuge, Maschinen und Ger\u00e4te sowie entsprechendes Bildmaterial.Maschinenpark 1 x Lastkraftwagen IVECO Magirus 260S\/E4 mit Kran Ferrari F736A5 3 x Lieferwagen Ford Transit 1 x Lieferwagen Ford Ranger 2 x Lieferwagen Mitsubishi-Pickup L200 1 x Lieferwagen IVECO 3,5 t [&hellip;]<\/p>\n","protected":false},"author":1,"featured_media":0,"parent":0,"menu_order":80,"comment_status":"closed","ping_status":"closed","template":"","meta":{"_et_pb_use_builder":"on","_et_pb_old_content":"","_et_gb_content_width":""},"_links":{"self":[{"href":"https:\/\/sarnertec.it\/de\/wp-json\/wp\/v2\/pages\/175"}],"collection":[{"href":"https:\/\/sarnertec.it\/de\/wp-json\/wp\/v2\/pages"}],"about":[{"href":"https:\/\/sarnertec.it\/de\/wp-json\/wp\/v2\/types\/page"}],"author":[{"embeddable":true,"href":"https:\/\/sarnertec.it\/de\/wp-json\/wp\/v2\/users\/1"}],"replies":[{"embeddable":true,"href":"https:\/\/sarnertec.it\/de\/wp-json\/wp\/v2\/comments?post=175"}],"version-history":[{"count":51,"href":"https:\/\/sarnertec.it\/de\/wp-json\/wp\/v2\/pages\/175\/revisions"}],"predecessor-version":[{"id":4962,"href":"https:\/\/sarnertec.it\/de\/wp-json\/wp\/v2\/pages\/175\/revisions\/4962"}],"wp:attachment":[{"href":"https:\/\/sarnertec.it\/de\/wp-json\/wp\/v2\/media?parent=175"}],"curies":[{"name":"wp","href":"https:\/\/api.w.org\/{rel}","templated":true}]}}