{"id":160,"date":"2019-06-27T14:42:36","date_gmt":"2019-06-27T12:42:36","guid":{"rendered":"http:\/\/wordpress-sarnertec-2020.p477358.webspaceconfig.de\/?page_id=160"},"modified":"2019-12-15T12:43:49","modified_gmt":"2019-12-15T11:43:49","slug":"sprengarbeiten","status":"publish","type":"page","link":"https:\/\/sarnertec.it\/de\/sprengarbeiten\/","title":{"rendered":"Sprengarbeiten"},"content":{"rendered":"<p>[et_pb_section fb_built=&#8220;1&#8243; fullwidth=&#8220;on&#8220; _builder_version=&#8220;3.23.3&#8243;][et_pb_fullwidth_code admin_label=&#8220;SmartSlider Sprengarbeiten&#8220; _builder_version=&#8220;4.0.5&#8243;][\/et_pb_fullwidth_code][\/et_pb_section][et_pb_section fb_built=&#8220;1&#8243; _builder_version=&#8220;3.23.3&#8243;][et_pb_row _builder_version=&#8220;3.25&#8243;][et_pb_column type=&#8220;4_4&#8243; _builder_version=&#8220;3.25&#8243; custom_padding=&#8220;|||&#8220; custom_padding__hover=&#8220;|||&#8220;][et_pb_text admin_label=&#8220;Sprengarbeiten&#8220; _builder_version=&#8220;3.27.4&#8243; header_font=&#8220;Raleway Local||||||||&#8220;]<\/p>\n<h1>Sprengarbeiten<\/h1>\n<p>[\/et_pb_text][et_pb_text admin_label=&#8220;V\u00f6llig instabile Bl\u00f6cke \u2026&#8220; _builder_version=&#8220;4.0.9&#8243; header_font=&#8220;Raleway Local||||||||&#8220;]<\/p>\n<p>V\u00f6llig instabile Bl\u00f6cke oder Felspartien sowie riesige Einzelbl\u00f6cke, die bei einem unkontrollierten Absturz bedeutende Sch\u00e4den verursachen k\u00f6nnten, m\u00fcssen gesprengt werden.<\/p>\n<p>Auch gro\u00dfdimensionale Sturzbl\u00f6cke m\u00fcssen zumal zur Ber\u00e4umung gesprengt werden.<\/p>\n<p>Wir stellen ihnen dazu gerne unsere Erfahrung zur Verf\u00fcgung.<\/p>\n<p>[\/et_pb_text][\/et_pb_column][\/et_pb_row][\/et_pb_section][et_pb_section fb_built=&#8220;1&#8243; custom_padding_last_edited=&#8220;on|desktop&#8220; _builder_version=&#8220;4.0.9&#8243; background_color=&#8220;#e9eaee&#8220; custom_padding=&#8220;0px|10%|0px|10%|false|true&#8220; custom_padding_tablet=&#8220;&#8220; custom_padding_phone=&#8220;&#8220; global_module=&#8220;4534&#8243; saved_tabs=&#8220;all&#8220;][et_pb_row _builder_version=&#8220;4.0.9&#8243; custom_padding=&#8220;|0%|0px|0%|false|false&#8220;][et_pb_column type=&#8220;4_4&#8243; _builder_version=&#8220;4.0.9&#8243;][et_pb_text admin_label=&#8220;Referenzen \u201eSprengarbeiten%22&#8243; _builder_version=&#8220;4.0.9&#8243;]<\/p>\n<h2>Referenzen \u201eSprengarbeiten\u201c<\/h2>\n<p>[\/et_pb_text][et_pb_text admin_label=&#8220;Nachstehend finden Sie \u2026&#8220; _builder_version=&#8220;4.0.9&#8243;]Nachstehend finden Sie eine Auswahl an Referenzprojekten aus dem Bereich \u201eSprengarbeiten\u201c.<\/p>\n<p>Um n\u00e4here Details zu erfahren, klicken Sie bitte auf das entsprechende Projekt.[\/et_pb_text][\/et_pb_column][\/et_pb_row][\/et_pb_section][et_pb_section fb_built=&#8220;1&#8243; fullwidth=&#8220;on&#8220; admin_label=&#8220;Sektion Vollbreites Portfolio Sprengarbeiten&#8220; _builder_version=&#8220;4.0.9&#8243; background_color=&#8220;#e9eaee&#8220; custom_margin=&#8220;||||false|false&#8220; custom_padding=&#8220;2em|2em|2em|2em|true|true&#8220; global_module=&#8220;4405&#8243; saved_tabs=&#8220;all&#8220; locked=&#8220;off&#8220;][et_pb_fullwidth_portfolio include_categories=&#8220;21&#8243; show_date=&#8220;off&#8220; admin_label=&#8220;Vollbreites Portfolio Sprengarbeiten&#8220; _builder_version=&#8220;4.0.9&#8243; title_font_size=&#8220;20px&#8220; background_color=&#8220;rgba(0,0,0,0)&#8220; custom_padding=&#8220;||0px||false|false&#8220; title_font_size_tablet=&#8220;18px&#8220; title_font_size_phone=&#8220;&#8220; title_font_size_last_edited=&#8220;on|phone&#8220; locked=&#8220;off&#8220;][\/et_pb_fullwidth_portfolio][\/et_pb_section]<\/p>\n<input class=\"fooboxshare_post_id\" type=\"hidden\" value=\"160\"\/>","protected":false},"excerpt":{"rendered":"<p>SprengarbeitenV\u00f6llig instabile Bl\u00f6cke oder Felspartien sowie riesige Einzelbl\u00f6cke, die bei einem unkontrollierten Absturz bedeutende Sch\u00e4den verursachen k\u00f6nnten, m\u00fcssen gesprengt werden. Auch gro\u00dfdimensionale Sturzbl\u00f6cke m\u00fcssen zumal zur Ber\u00e4umung gesprengt werden. Wir stellen ihnen dazu gerne unsere Erfahrung zur Verf\u00fcgung.Referenzen \u201eSprengarbeiten\u201cNachstehend finden Sie eine Auswahl an Referenzprojekten aus dem Bereich \u201eSprengarbeiten\u201c. Um n\u00e4here Details zu erfahren, [&hellip;]<\/p>\n","protected":false},"author":1,"featured_media":0,"parent":0,"menu_order":50,"comment_status":"closed","ping_status":"closed","template":"","meta":{"_et_pb_use_builder":"on","_et_pb_old_content":"","_et_gb_content_width":""},"_links":{"self":[{"href":"https:\/\/sarnertec.it\/de\/wp-json\/wp\/v2\/pages\/160"}],"collection":[{"href":"https:\/\/sarnertec.it\/de\/wp-json\/wp\/v2\/pages"}],"about":[{"href":"https:\/\/sarnertec.it\/de\/wp-json\/wp\/v2\/types\/page"}],"author":[{"embeddable":true,"href":"https:\/\/sarnertec.it\/de\/wp-json\/wp\/v2\/users\/1"}],"replies":[{"embeddable":true,"href":"https:\/\/sarnertec.it\/de\/wp-json\/wp\/v2\/comments?post=160"}],"version-history":[{"count":13,"href":"https:\/\/sarnertec.it\/de\/wp-json\/wp\/v2\/pages\/160\/revisions"}],"predecessor-version":[{"id":4537,"href":"https:\/\/sarnertec.it\/de\/wp-json\/wp\/v2\/pages\/160\/revisions\/4537"}],"wp:attachment":[{"href":"https:\/\/sarnertec.it\/de\/wp-json\/wp\/v2\/media?parent=160"}],"curies":[{"name":"wp","href":"https:\/\/api.w.org\/{rel}","templated":true}]}}