{"id":143,"date":"2019-06-27T14:16:56","date_gmt":"2019-06-27T12:16:56","guid":{"rendered":"http:\/\/wordpress-sarnertec-2020.p477358.webspaceconfig.de\/?page_id=143"},"modified":"2019-12-17T16:35:34","modified_gmt":"2019-12-17T15:35:34","slug":"felssicherung-hangsicherung","status":"publish","type":"page","link":"https:\/\/sarnertec.it\/de\/felssicherung-hangsicherung\/","title":{"rendered":"Fels- und Hangsicherungsarbeiten"},"content":{"rendered":"<p>[et_pb_section fb_built=&#8220;1&#8243; fullwidth=&#8220;on&#8220; _builder_version=&#8220;3.23.3&#8243;][et_pb_fullwidth_code admin_label=&#8220;SmartSlider Fels- und Hangsicherungsarbeiten&#8220; _builder_version=&#8220;4.0.5&#8243;][\/et_pb_fullwidth_code][\/et_pb_section][et_pb_section fb_built=&#8220;1&#8243; _builder_version=&#8220;4.0.9&#8243;][et_pb_row _builder_version=&#8220;3.25&#8243;][et_pb_column type=&#8220;4_4&#8243; _builder_version=&#8220;3.25&#8243; custom_padding=&#8220;|||&#8220; custom_padding__hover=&#8220;|||&#8220;][et_pb_text admin_label=&#8220;Fels- und Hangsicherungsarbeiten&#8220; _builder_version=&#8220;4.0.9&#8243; header_font=&#8220;Raleway Local||||||||&#8220;]<\/p>\n<h1>Fels- und Hangsicherungsarbeiten<\/h1>\n<p>[\/et_pb_text][et_pb_text admin_label=&#8220;Fels- und Hangsicherungsarbeiten werden \u2026&#8220; _builder_version=&#8220;4.0.9&#8243; header_font=&#8220;Raleway Local||||||||&#8220;]<\/p>\n<p>Fels- und Hangsicherungsarbeiten werden in Abh\u00e4ngigkeit der aufzunehmenden Energien realisiert.<\/p>\n<p>Besonders Augenmerk gilt dabei dem Einfallswinkel der vorhandenen Felswand oder B\u00f6schung, der Kl\u00fcfte und der Fl\u00e4che, die es abzusichern gilt.<\/p>\n<p>Bei m\u00e4\u00dfiger Beanspruchung bzw. geringeren Energien finden Metallgitternetze in unterschiedlichster Ausf\u00fchrung Verwendung.<\/p>\n<p>Bei gro\u00dfen Energien hingegen werden Steinschlagschutzz\u00e4une verwendet.<\/p>\n<p>Anker und N\u00e4gel werden zur Sicherung punktuell auftretender Gefahren oder einzelner instabiler Bl\u00f6cke eingesetzt. In Verbindung mit Steinschlagschutznetzen und \u2013z\u00e4unen sind sie eine sinnvolle Erg\u00e4nzung um Steinschlagrisiken zu minimieren.<\/p>\n<p>Oftmals kommt unser hochspezialisiertes Personal nach einem Felssturz zum Einsatz.<\/p>\n<p>[\/et_pb_text][\/et_pb_column][\/et_pb_row][\/et_pb_section][et_pb_section fb_built=&#8220;1&#8243; custom_padding_last_edited=&#8220;on|desktop&#8220; _builder_version=&#8220;4.0.9&#8243; background_color=&#8220;#e9eaee&#8220; custom_padding=&#8220;0px|10%|0px|10%|false|true&#8220; custom_padding_tablet=&#8220;&#8220; custom_padding_phone=&#8220;&#8220; global_module=&#8220;4522&#8243; saved_tabs=&#8220;all&#8220;][et_pb_row _builder_version=&#8220;4.0.9&#8243; custom_padding=&#8220;|0%|0px|0%|false|false&#8220;][et_pb_column type=&#8220;4_4&#8243; _builder_version=&#8220;4.0.9&#8243;][et_pb_text admin_label=&#8220;Referenzen \u201eFels- und Hangsicherung\u201c&#8220; _builder_version=&#8220;4.0.9&#8243; hover_enabled=&#8220;0&#8243;]<\/p>\n<h2 style=\"text-align: center;\">Referenzen \u201eFels- und Hangsicherung\u201c<\/h2>\n<p>[\/et_pb_text][et_pb_text admin_label=&#8220;Nachstehend finden Sie \u2026&#8220; _builder_version=&#8220;4.0.9&#8243; hover_enabled=&#8220;0&#8243;]<\/p>\n<p style=\"text-align: center;\">Nachstehend finden Sie eine Auswahl an Referenzprojekten aus den Bereichen \u201eFels- und Hangsicherung\u201c sowie \u201eSteinschlagschutz\u201c.<\/p>\n<p style=\"text-align: center;\">Um n\u00e4here Details zu erfahren, klicken Sie bitte auf das entsprechende Projekt.<\/p>\n<p>[\/et_pb_text][\/et_pb_column][\/et_pb_row][\/et_pb_section][et_pb_section fb_built=&#8220;1&#8243; fullwidth=&#8220;on&#8220; admin_label=&#8220;Sektion Vollbreites Portfolio Fels- und Hangsicherung&#8220; _builder_version=&#8220;4.0.9&#8243; background_color=&#8220;#e9eaee&#8220; custom_margin=&#8220;||||false|false&#8220; custom_padding=&#8220;2em|2em|2em|2em|true|true&#8220; global_module=&#8220;4370&#8243; saved_tabs=&#8220;all&#8220; locked=&#8220;off&#8220;][et_pb_fullwidth_portfolio include_categories=&#8220;16,25&#8243; show_date=&#8220;off&#8220; admin_label=&#8220;Vollbreites Portfolio Fels- und Hangsicherung&#8220; _builder_version=&#8220;4.0.9&#8243; title_font_size=&#8220;20px&#8220; background_color=&#8220;rgba(0,0,0,0)&#8220; custom_padding=&#8220;||0px||false|false&#8220; animation_style=&#8220;roll&#8220; auto=&#8220;on&#8220; auto_speed=&#8220;3000&#8243; title_font_size_tablet=&#8220;18px&#8220; title_font_size_phone=&#8220;&#8220; title_font_size_last_edited=&#8220;on|phone&#8220; locked=&#8220;off&#8220;][\/et_pb_fullwidth_portfolio][\/et_pb_section]<\/p>\n<input class=\"fooboxshare_post_id\" type=\"hidden\" value=\"143\"\/>","protected":false},"excerpt":{"rendered":"<p>Fels- und HangsicherungsarbeitenFels- und Hangsicherungsarbeiten werden in Abh\u00e4ngigkeit der aufzunehmenden Energien realisiert. Besonders Augenmerk gilt dabei dem Einfallswinkel der vorhandenen Felswand oder B\u00f6schung, der Kl\u00fcfte und der Fl\u00e4che, die es abzusichern gilt. Bei m\u00e4\u00dfiger Beanspruchung bzw. geringeren Energien finden Metallgitternetze in unterschiedlichster Ausf\u00fchrung Verwendung. Bei gro\u00dfen Energien hingegen werden Steinschlagschutzz\u00e4une verwendet. Anker und N\u00e4gel [&hellip;]<\/p>\n","protected":false},"author":1,"featured_media":0,"parent":0,"menu_order":10,"comment_status":"closed","ping_status":"closed","template":"","meta":{"_et_pb_use_builder":"on","_et_pb_old_content":"","_et_gb_content_width":""},"_links":{"self":[{"href":"https:\/\/sarnertec.it\/de\/wp-json\/wp\/v2\/pages\/143"}],"collection":[{"href":"https:\/\/sarnertec.it\/de\/wp-json\/wp\/v2\/pages"}],"about":[{"href":"https:\/\/sarnertec.it\/de\/wp-json\/wp\/v2\/types\/page"}],"author":[{"embeddable":true,"href":"https:\/\/sarnertec.it\/de\/wp-json\/wp\/v2\/users\/1"}],"replies":[{"embeddable":true,"href":"https:\/\/sarnertec.it\/de\/wp-json\/wp\/v2\/comments?post=143"}],"version-history":[{"count":43,"href":"https:\/\/sarnertec.it\/de\/wp-json\/wp\/v2\/pages\/143\/revisions"}],"predecessor-version":[{"id":4849,"href":"https:\/\/sarnertec.it\/de\/wp-json\/wp\/v2\/pages\/143\/revisions\/4849"}],"wp:attachment":[{"href":"https:\/\/sarnertec.it\/de\/wp-json\/wp\/v2\/media?parent=143"}],"curies":[{"name":"wp","href":"https:\/\/api.w.org\/{rel}","templated":true}]}}